{"id":68,"date":"2026-03-26T14:19:11","date_gmt":"2026-03-26T14:19:11","guid":{"rendered":"https:\/\/www.munch-lab.fr\/?page_id=68"},"modified":"2026-03-27T18:28:01","modified_gmt":"2026-03-27T18:28:01","slug":"notre-equipe","status":"publish","type":"page","link":"https:\/\/www.munch-lab.fr\/index.php\/notre-equipe\/","title":{"rendered":"Notre \u00e9quipe"},"content":{"rendered":"\t\t<div data-elementor-type=\"wp-page\" data-elementor-id=\"68\" class=\"elementor elementor-68\">\n\t\t\t\t<div class=\"elementor-element elementor-element-d4d075b e-flex e-con-boxed e-con e-parent\" data-id=\"d4d075b\" data-element_type=\"container\" data-e-type=\"container\" data-settings=\"{&quot;background_background&quot;:&quot;classic&quot;}\">\n\t\t\t\t\t<div class=\"e-con-inner\">\n\t\t\t\t<div class=\"elementor-element elementor-element-87d2b7b elementor-widget elementor-widget-heading\" data-id=\"87d2b7b\" data-element_type=\"widget\" data-e-type=\"widget\" data-widget_type=\"heading.default\">\n\t\t\t\t\t<h2 class=\"elementor-heading-title elementor-size-default\">Notre \u00e9quipe pour vous accueillir<\/h2>\t\t\t\t<\/div>\n\t\t<div class=\"elementor-element elementor-element-bb7b1cb e-con-full e-flex e-con e-child\" data-id=\"bb7b1cb\" data-element_type=\"container\" data-e-type=\"container\">\n\t\t\t\t<div class=\"elementor-element elementor-element-5518b59 elementor-widget__width-initial elementor-widget-mobile__width-initial elementor-widget elementor-widget-text-editor\" data-id=\"5518b59\" data-element_type=\"widget\" data-e-type=\"widget\" data-widget_type=\"text-editor.default\">\n\t\t\t\t\t\t\t\t\t<p>Notre \u00e9quipe est pr\u00eate \u00e0 vous accueillir, avec en cuisine un pizza\u00efolo passionn\u00e9 qui fa\u00e7onne la pizza depuis plus de 20 ans ! Et en salle, le directeur vous \u00e9clairera aussi bien sur les plats \u00e0 manger que sur nos boissons. Facile pour ce sommelier d&#8217;exp\u00e9rience qui a aussi travaill\u00e9 au Palais de la Bi\u00e8re \u00e0 Poitiers.\u00a0<\/p>\t\t\t\t\t\t\t\t<\/div>\n\t\t\t\t<div class=\"elementor-element elementor-element-2ab9bd7 elementor-widget elementor-widget-image\" data-id=\"2ab9bd7\" data-element_type=\"widget\" data-e-type=\"widget\" data-widget_type=\"image.default\">\n\t\t\t\t\t\t\t\t\t\t\t\t\t\t\t<img fetchpriority=\"high\" decoding=\"async\" width=\"817\" height=\"1024\" src=\"https:\/\/www.munch-lab.fr\/wp-content\/uploads\/2026\/03\/GeneralTheme-817x1024.png\" class=\"attachment-large size-large wp-image-193\" alt=\"Image de th\u00e8me avec Burger, Pizzas, Frites et Vin du restaurant Munch Lab (Pizza, Burger, Vin, Bi\u00e8re, Afterwork) pr\u00e8s du Futuroscope \u00e0 Chasseneuil-du-Poitou\" srcset=\"https:\/\/www.munch-lab.fr\/wp-content\/uploads\/2026\/03\/GeneralTheme-817x1024.png 817w, https:\/\/www.munch-lab.fr\/wp-content\/uploads\/2026\/03\/GeneralTheme-239x300.png 239w, https:\/\/www.munch-lab.fr\/wp-content\/uploads\/2026\/03\/GeneralTheme-768x963.png 768w, https:\/\/www.munch-lab.fr\/wp-content\/uploads\/2026\/03\/GeneralTheme-1225x1536.png 1225w, https:\/\/www.munch-lab.fr\/wp-content\/uploads\/2026\/03\/GeneralTheme.png 1505w\" sizes=\"(max-width: 817px) 100vw, 817px\" \/>\t\t\t\t\t\t\t\t\t\t\t\t\t\t\t<\/div>\n\t\t\t\t<\/div>\n\t\t\t\t\t<\/div>\n\t\t\t\t<\/div>\n\t\t\t\t<\/div>\n\t\t","protected":false},"excerpt":{"rendered":"<p>Notre \u00e9quipe pour vous accueillir Notre \u00e9quipe est pr\u00eate \u00e0 vous accueillir, avec en cuisine un pizza\u00efolo passionn\u00e9 qui fa\u00e7onne [&hellip;]<\/p>\n","protected":false},"author":1,"featured_media":0,"parent":0,"menu_order":0,"comment_status":"closed","ping_status":"closed","template":"","meta":{"site-sidebar-layout":"no-sidebar","site-content-layout":"","ast-site-content-layout":"full-width-container","site-content-style":"default","site-sidebar-style":"default","ast-global-header-display":"","ast-banner-title-visibility":"","ast-main-header-display":"","ast-hfb-above-header-display":"","ast-hfb-below-header-display":"","ast-hfb-mobile-header-display":"","site-post-title":"disabled","ast-breadcrumbs-content":"","ast-featured-img":"disabled","footer-sml-layout":"","ast-disable-related-posts":"","theme-transparent-header-meta":"","adv-header-id-meta":"","stick-header-meta":"","header-above-stick-meta":"","header-main-stick-meta":"","header-below-stick-meta":"","astra-migrate-meta-layouts":"default","ast-page-background-enabled":"default","ast-page-background-meta":{"desktop":{"background-color":"var(--ast-global-color-5)","background-image":"","background-repeat":"repeat","background-position":"center center","background-size":"auto","background-attachment":"scroll","background-type":"","background-media":"","overlay-type":"","overlay-color":"","overlay-opacity":"","overlay-gradient":""},"tablet":{"background-color":"","background-image":"","background-repeat":"repeat","background-position":"center center","background-size":"auto","background-attachment":"scroll","background-type":"","background-media":"","overlay-type":"","overlay-color":"","overlay-opacity":"","overlay-gradient":""},"mobile":{"background-color":"","background-image":"","background-repeat":"repeat","background-position":"center center","background-size":"auto","background-attachment":"scroll","background-type":"","background-media":"","overlay-type":"","overlay-color":"","overlay-opacity":"","overlay-gradient":""}},"ast-content-background-meta":{"desktop":{"background-color":"var(--ast-global-color-4)","background-image":"","background-repeat":"repeat","background-position":"center center","background-size":"auto","background-attachment":"scroll","background-type":"","background-media":"","overlay-type":"","overlay-color":"","overlay-opacity":"","overlay-gradient":""},"tablet":{"background-color":"var(--ast-global-color-4)","background-image":"","background-repeat":"repeat","background-position":"center center","background-size":"auto","background-attachment":"scroll","background-type":"","background-media":"","overlay-type":"","overlay-color":"","overlay-opacity":"","overlay-gradient":""},"mobile":{"background-color":"var(--ast-global-color-4)","background-image":"","background-repeat":"repeat","background-position":"center center","background-size":"auto","background-attachment":"scroll","background-type":"","background-media":"","overlay-type":"","overlay-color":"","overlay-opacity":"","overlay-gradient":""}},"footnotes":""},"class_list":["post-68","page","type-page","status-publish","hentry"],"_links":{"self":[{"href":"https:\/\/www.munch-lab.fr\/index.php\/wp-json\/wp\/v2\/pages\/68","targetHints":{"allow":["GET"]}}],"collection":[{"href":"https:\/\/www.munch-lab.fr\/index.php\/wp-json\/wp\/v2\/pages"}],"about":[{"href":"https:\/\/www.munch-lab.fr\/index.php\/wp-json\/wp\/v2\/types\/page"}],"author":[{"embeddable":true,"href":"https:\/\/www.munch-lab.fr\/index.php\/wp-json\/wp\/v2\/users\/1"}],"replies":[{"embeddable":true,"href":"https:\/\/www.munch-lab.fr\/index.php\/wp-json\/wp\/v2\/comments?post=68"}],"version-history":[{"count":28,"href":"https:\/\/www.munch-lab.fr\/index.php\/wp-json\/wp\/v2\/pages\/68\/revisions"}],"predecessor-version":[{"id":312,"href":"https:\/\/www.munch-lab.fr\/index.php\/wp-json\/wp\/v2\/pages\/68\/revisions\/312"}],"wp:attachment":[{"href":"https:\/\/www.munch-lab.fr\/index.php\/wp-json\/wp\/v2\/media?parent=68"}],"curies":[{"name":"wp","href":"https:\/\/api.w.org\/{rel}","templated":true}]}}