{"id":66,"date":"2026-03-26T14:18:11","date_gmt":"2026-03-26T14:18:11","guid":{"rendered":"https:\/\/www.munch-lab.fr\/?page_id=66"},"modified":"2026-04-03T16:17:54","modified_gmt":"2026-04-03T16:17:54","slug":"la-carte","status":"publish","type":"page","link":"https:\/\/www.munch-lab.fr\/index.php\/la-carte\/","title":{"rendered":"La carte"},"content":{"rendered":"<p><img fetchpriority=\"high\" decoding=\"async\" width=\"724\" height=\"1024\" src=\"http:\/\/www.munch-lab.fr\/wp-content\/uploads\/2026\/04\/Les-Pizzas-1-724x1024.png\" alt=\"La carte des pizzas -Munch - Fromage du restaurant Munch Lab (Pizza, Burger, Vin, Bi\u00e8re, Afterwork) pr\u00e8s du Futuroscope \u00e0 Chasseneuil-du-Poitou\" srcset=\"https:\/\/www.munch-lab.fr\/wp-content\/uploads\/2026\/04\/Les-Pizzas-1-724x1024.png 724w, https:\/\/www.munch-lab.fr\/wp-content\/uploads\/2026\/04\/Les-Pizzas-1-212x300.png 212w, https:\/\/www.munch-lab.fr\/wp-content\/uploads\/2026\/04\/Les-Pizzas-1-768x1086.png 768w, https:\/\/www.munch-lab.fr\/wp-content\/uploads\/2026\/04\/Les-Pizzas-1-1086x1536.png 1086w, https:\/\/www.munch-lab.fr\/wp-content\/uploads\/2026\/04\/Les-Pizzas-1-1448x2048.png 1448w, https:\/\/www.munch-lab.fr\/wp-content\/uploads\/2026\/04\/Les-Pizzas-1-scaled.png 1811w\" sizes=\"(max-width: 724px) 100vw, 724px\" \/>\t\t\t\t\t\t\t\t\t\t\t\t\t\t\t\t\t\t\t\t\t\t\t\t\t\t<img decoding=\"async\" width=\"724\" height=\"1024\" src=\"http:\/\/www.munch-lab.fr\/wp-content\/uploads\/2026\/04\/Les-Burgers-1-724x1024.png\" alt=\"La carte des Burgers -Munch - Fromage du restaurant Munch Lab (Pizza, Burger, Vin, Bi\u00e8re, Afterwork) pr\u00e8s du Futuroscope \u00e0 Chasseneuil-du-Poitou\" srcset=\"https:\/\/www.munch-lab.fr\/wp-content\/uploads\/2026\/04\/Les-Burgers-1-724x1024.png 724w, https:\/\/www.munch-lab.fr\/wp-content\/uploads\/2026\/04\/Les-Burgers-1-212x300.png 212w, https:\/\/www.munch-lab.fr\/wp-content\/uploads\/2026\/04\/Les-Burgers-1-768x1086.png 768w, https:\/\/www.munch-lab.fr\/wp-content\/uploads\/2026\/04\/Les-Burgers-1-1086x1536.png 1086w, https:\/\/www.munch-lab.fr\/wp-content\/uploads\/2026\/04\/Les-Burgers-1-1448x2048.png 1448w, https:\/\/www.munch-lab.fr\/wp-content\/uploads\/2026\/04\/Les-Burgers-1-scaled.png 1811w\" sizes=\"(max-width: 724px) 100vw, 724px\" \/>\t\t\t\t\t\t\t\t\t\t\t\t\t\t\t\t\t\t\t\t\t\t\t\t\t\t<img decoding=\"async\" width=\"724\" height=\"1024\" src=\"http:\/\/www.munch-lab.fr\/wp-content\/uploads\/2026\/04\/Afterwork-3-724x1024.png\" alt=\"La carte des assiettes et des tapas -Munch - Fromage du restaurant Munch Lab (Pizza, Burger, Vin, Bi\u00e8re, Afterwork) pr\u00e8s du Futuroscope \u00e0 Chasseneuil-du-Poitou\" srcset=\"https:\/\/www.munch-lab.fr\/wp-content\/uploads\/2026\/04\/Afterwork-3-724x1024.png 724w, https:\/\/www.munch-lab.fr\/wp-content\/uploads\/2026\/04\/Afterwork-3-212x300.png 212w, https:\/\/www.munch-lab.fr\/wp-content\/uploads\/2026\/04\/Afterwork-3-768x1086.png 768w, https:\/\/www.munch-lab.fr\/wp-content\/uploads\/2026\/04\/Afterwork-3-1086x1536.png 1086w, https:\/\/www.munch-lab.fr\/wp-content\/uploads\/2026\/04\/Afterwork-3-1448x2048.png 1448w, https:\/\/www.munch-lab.fr\/wp-content\/uploads\/2026\/04\/Afterwork-3-scaled.png 1811w\" sizes=\"(max-width: 724px) 100vw, 724px\" \/>\t\t\t\t\t\t\t\t\t\t\t\t\t\t\t\t\t\t<\/p>\n<figure><img decoding=\"async\" src=\"http:\/\/www.munch-lab.fr\/wp-content\/uploads\/2026\/03\/Fermiere-150x150.jpeg\" alt=\"Pizza Fermi\u00e8re du restaurant Munch Lab (Pizza, Burger, Vin, Bi\u00e8re, Afterwork) pr\u00e8s du Futuroscope \u00e0 Chasseneuil-du-Poitou\" \/><\/figure>\n<figure><img decoding=\"async\" src=\"http:\/\/www.munch-lab.fr\/wp-content\/uploads\/2026\/03\/BurgerBiquette-150x150.jpeg\" alt=\"Burger servi au restaurant Munch Lab (Pizza, Burger, Vin, Bi\u00e8re, Afterwork) pr\u00e8s du Futuroscope \u00e0 Chasseneuil-du-Poitou\" \/><\/figure>\n<figure><img decoding=\"async\" src=\"http:\/\/www.munch-lab.fr\/wp-content\/uploads\/2026\/03\/Dessert-1-150x150.jpeg\" alt=\"Dessert servi au restaurant Munch Lab (Pizza, Burger, Vin, Bi\u00e8re, Afterwork) pr\u00e8s du Futuroscope \u00e0 Chasseneuil-du-Poitou\" \/><\/figure>\n<figure><img decoding=\"async\" src=\"http:\/\/www.munch-lab.fr\/wp-content\/uploads\/2026\/03\/Boisson-Maya-1-150x150.jpeg\" alt=\"Boisson Maya servie au\" \/><\/figure>\n<figure><img decoding=\"async\" src=\"http:\/\/www.munch-lab.fr\/wp-content\/uploads\/2026\/03\/PouletCroustillant-150x150.png\" alt=\"Poulet croustillant servi au restaurant Munch Lab (Pizza, Burger, Vin, Bi\u00e8re, Afterwork) pr\u00e8s du Futuroscope \u00e0 Chasseneuil-du-Poitou\" \/><\/figure>\n<figure><img decoding=\"async\" src=\"http:\/\/www.munch-lab.fr\/wp-content\/uploads\/2026\/03\/Salade-Cesar-150x150.jpeg\" alt=\"Salade c\u00e9sar servie au restaurant Munch Lab (Pizza, Burger, Vin, Bi\u00e8re, Afterwork) pr\u00e8s du Futuroscope \u00e0 Chasseneuil-du-Poitou\" \/><\/figure>\n<figure><img decoding=\"async\" src=\"http:\/\/www.munch-lab.fr\/wp-content\/uploads\/2026\/03\/ChevreEtMiel-150x150.jpeg\" alt=\"Pizza Ch\u00e8vre et Miel du restaurant Munch Lab (Pizza, Burger, Vin, Bi\u00e8re, Afterwork) pr\u00e8s du Futuroscope \u00e0 Chasseneuil-du-Poitou\" \/><\/figure>\n<figure><img decoding=\"async\" src=\"http:\/\/www.munch-lab.fr\/wp-content\/uploads\/2026\/03\/Burger2-150x150.png\" alt=\"Burger servi au restaurant Munch Lab (Pizza, Burger, Vin, Bi\u00e8re, Afterwork) pr\u00e8s du Futuroscope \u00e0 Chasseneuil-du-Poitou\" \/><\/figure>\n<figure><img decoding=\"async\" src=\"http:\/\/www.munch-lab.fr\/wp-content\/uploads\/2026\/03\/Boisson-Yass-150x150.jpeg\" alt=\"Boisson Yass servie au restaurant Munch Lab (Pizza, Burger, Vin, Bi\u00e8re, Afterwork) pr\u00e8s du Futuroscope \u00e0 Chasseneuil-du-Poitou\" \/><\/figure>\n<figure><img decoding=\"async\" src=\"http:\/\/www.munch-lab.fr\/wp-content\/uploads\/2026\/03\/TooMunchFromage-e1775048157558-150x150.jpeg\" alt=\"Pizza TooMunch - Fromage du restaurant Munch Lab (Pizza, Burger, Vin, Bi\u00e8re, Afterwork) pr\u00e8s du Futuroscope \u00e0 Chasseneuil-du-Poitou\" \/><\/figure>\n<figure><img decoding=\"async\" src=\"http:\/\/www.munch-lab.fr\/wp-content\/uploads\/2026\/03\/Regine-150x150.jpeg\" alt=\"Pizza Regina du restaurant Munch Lab (Pizza, Burger, Vin, Bi\u00e8re, Afterwork) pr\u00e8s du Futuroscope \u00e0 Chasseneuil-du-Poitou\" \/><\/figure>\n<figure><img decoding=\"async\" src=\"http:\/\/www.munch-lab.fr\/wp-content\/uploads\/2026\/03\/Pizza-Saumon-150x150.jpeg\" alt=\"Pizza au saumon servie au restaurant Munch Lab (Pizza, Burger, Vin, Bi\u00e8re, Afterwork) pr\u00e8s du Futuroscope \u00e0 Chasseneuil-du-Poitou\" \/><\/figure>\n<p>\t\t\t\t\t\t<svg aria-hidden=\"true\" viewBox=\"0 0 192 512\" xmlns=\"http:\/\/www.w3.org\/2000\/svg\"><path d=\"M192 127.338v257.324c0 17.818-21.543 26.741-34.142 14.142L29.196 270.142c-7.81-7.81-7.81-20.474 0-28.284l128.662-128.662c12.599-12.6 34.142-3.676 34.142 14.142z\"><\/path><\/svg><br \/>\n\t\t\t\t\t\t<svg aria-hidden=\"true\" viewBox=\"0 0 192 512\" xmlns=\"http:\/\/www.w3.org\/2000\/svg\"><path d=\"M0 384.662V127.338c0-17.818 21.543-26.741 34.142-14.142l128.662 128.662c7.81 7.81 7.81 20.474 0 28.284L34.142 398.804C21.543 411.404 0 402.48 0 384.662z\"><\/path><\/svg><\/p>\n","protected":false},"excerpt":{"rendered":"","protected":false},"author":1,"featured_media":0,"parent":0,"menu_order":0,"comment_status":"closed","ping_status":"closed","template":"","meta":{"site-sidebar-layout":"no-sidebar","site-content-layout":"","ast-site-content-layout":"full-width-container","site-content-style":"default","site-sidebar-style":"default","ast-global-header-display":"","ast-banner-title-visibility":"","ast-main-header-display":"","ast-hfb-above-header-display":"","ast-hfb-below-header-display":"","ast-hfb-mobile-header-display":"","site-post-title":"disabled","ast-breadcrumbs-content":"","ast-featured-img":"disabled","footer-sml-layout":"","ast-disable-related-posts":"","theme-transparent-header-meta":"","adv-header-id-meta":"","stick-header-meta":"","header-above-stick-meta":"","header-main-stick-meta":"","header-below-stick-meta":"","astra-migrate-meta-layouts":"default","ast-page-background-enabled":"default","ast-page-background-meta":{"desktop":{"background-color":"var(--ast-global-color-5)","background-image":"","background-repeat":"repeat","background-position":"center center","background-size":"auto","background-attachment":"scroll","background-type":"","background-media":"","overlay-type":"","overlay-color":"","overlay-opacity":"","overlay-gradient":""},"tablet":{"background-color":"","background-image":"","background-repeat":"repeat","background-position":"center center","background-size":"auto","background-attachment":"scroll","background-type":"","background-media":"","overlay-type":"","overlay-color":"","overlay-opacity":"","overlay-gradient":""},"mobile":{"background-color":"","background-image":"","background-repeat":"repeat","background-position":"center center","background-size":"auto","background-attachment":"scroll","background-type":"","background-media":"","overlay-type":"","overlay-color":"","overlay-opacity":"","overlay-gradient":""}},"ast-content-background-meta":{"desktop":{"background-color":"var(--ast-global-color-4)","background-image":"","background-repeat":"repeat","background-position":"center center","background-size":"auto","background-attachment":"scroll","background-type":"","background-media":"","overlay-type":"","overlay-color":"","overlay-opacity":"","overlay-gradient":""},"tablet":{"background-color":"var(--ast-global-color-4)","background-image":"","background-repeat":"repeat","background-position":"center center","background-size":"auto","background-attachment":"scroll","background-type":"","background-media":"","overlay-type":"","overlay-color":"","overlay-opacity":"","overlay-gradient":""},"mobile":{"background-color":"var(--ast-global-color-4)","background-image":"","background-repeat":"repeat","background-position":"center center","background-size":"auto","background-attachment":"scroll","background-type":"","background-media":"","overlay-type":"","overlay-color":"","overlay-opacity":"","overlay-gradient":""}},"footnotes":""},"class_list":["post-66","page","type-page","status-publish","hentry"],"_links":{"self":[{"href":"https:\/\/www.munch-lab.fr\/index.php\/wp-json\/wp\/v2\/pages\/66","targetHints":{"allow":["GET"]}}],"collection":[{"href":"https:\/\/www.munch-lab.fr\/index.php\/wp-json\/wp\/v2\/pages"}],"about":[{"href":"https:\/\/www.munch-lab.fr\/index.php\/wp-json\/wp\/v2\/types\/page"}],"author":[{"embeddable":true,"href":"https:\/\/www.munch-lab.fr\/index.php\/wp-json\/wp\/v2\/users\/1"}],"replies":[{"embeddable":true,"href":"https:\/\/www.munch-lab.fr\/index.php\/wp-json\/wp\/v2\/comments?post=66"}],"version-history":[{"count":70,"href":"https:\/\/www.munch-lab.fr\/index.php\/wp-json\/wp\/v2\/pages\/66\/revisions"}],"predecessor-version":[{"id":400,"href":"https:\/\/www.munch-lab.fr\/index.php\/wp-json\/wp\/v2\/pages\/66\/revisions\/400"}],"wp:attachment":[{"href":"https:\/\/www.munch-lab.fr\/index.php\/wp-json\/wp\/v2\/media?parent=66"}],"curies":[{"name":"wp","href":"https:\/\/api.w.org\/{rel}","templated":true}]}}